{"id":14,"date":"2021-01-25T21:22:35","date_gmt":"2021-01-25T20:22:35","guid":{"rendered":"https:\/\/hopeone.be\/?page_id=14"},"modified":"2021-01-26T19:56:24","modified_gmt":"2021-01-26T18:56:24","slug":"qui-sommes-nous","status":"publish","type":"page","link":"https:\/\/hopeone.be\/","title":{"rendered":"Accueil"},"content":{"rendered":"\n<h2 class=\"has-text-align-center wp-block-heading\">Hope One ASBL<\/h2>\n\n\n\n<div style=\"height:35px\" aria-hidden=\"true\" class=\"wp-block-spacer\"><\/div>\n\n\n\n<p>Une \u00e9quipe pluridisciplinaire (m\u00e9decin alcoologue, \u00e9ducateur sp\u00e9cialis\u00e9, psychologue, infirmier, kin\u00e9, aide sociale, assistance juridique) au service de la prise en charge multidisciplinaire du sevrage alcool \u00e0 domicile. <\/p>\n\n\n\n<ul class=\"wp-block-list\"><li>Consultations (m\u00e9decin alcoologue, psychologue)<\/li><li>Encadrement au quotidien par un \u00e9ducateur sp\u00e9cialis\u00e9 <\/li><li>Liaison entre le milieu hospitalier et le domicile<\/li><li>Suivi de l&rsquo;ASBL vers le m\u00e9decin traitant<\/li><li>Aide juridique<\/li><\/ul>\n\n\n\n<p><\/p>\n\n\n\n<div style=\"height:100px\" aria-hidden=\"true\" class=\"wp-block-spacer\"><\/div>\n\n\n\n<h2 class=\"has-text-align-center wp-block-heading\">Nous contacter<\/h2>\n\n\n\n<p class=\"has-text-align-center\"> De 8h \u00e0 18H, du lundi au vendredi. <\/p>\n\n\n\n<div style=\"height:35px\" aria-hidden=\"true\" class=\"wp-block-spacer\"><\/div>\n\n\n\n<h4 class=\"has-text-align-center wp-block-heading\">Bruno Dewolf (\u00e9ducateur sp\u00e9cialis\u00e9, coordinateur)<\/h4>\n\n\n\n<p class=\"has-text-align-center\">Mail :<a href=\"mailto:bruno.dewolf@hopeone.be\"> bruno.dewolf@hopeone.be<\/a><br>T\u00e9l\u00e9phone : 0487\/510 299<\/p>\n\n\n\n<div style=\"height:50px\" aria-hidden=\"true\" class=\"wp-block-spacer\"><\/div>\n\n\n\n<h4 class=\"has-text-align-center wp-block-heading\">Docteur Scoman (alcoologue)<\/h4>\n\n\n\n<p class=\"has-text-align-center\">Mail :<a href=\"mailto:bernadette.scoman@hopeone.be\"> bernadette.scoman@hopeone.be<\/a><br>T\u00e9l\u00e9phone : 0483\/851 297<\/p>\n\n\n\n<p><\/p>\n","protected":false},"excerpt":{"rendered":"<p>Hope One ASBL Une \u00e9quipe pluridisciplinaire (m\u00e9decin alcoologue, \u00e9ducateur sp\u00e9cialis\u00e9, psychologue, infirmier, kin\u00e9, aide sociale, assistance juridique) au service de la prise en charge multidisciplinaire du sevrage alcool \u00e0 domicile. Consultations (m\u00e9decin alcoologue, psychologue) Encadrement au quotidien par un \u00e9ducateur sp\u00e9cialis\u00e9 Liaison entre le milieu hospitalier et le domicile Suivi de l&rsquo;ASBL vers le m\u00e9decin [&hellip;]<\/p>\n","protected":false},"author":1,"featured_media":0,"parent":0,"menu_order":0,"comment_status":"closed","ping_status":"closed","template":"","meta":{"footnotes":""},"class_list":["post-14","page","type-page","status-publish","hentry"],"_links":{"self":[{"href":"https:\/\/hopeone.be\/index.php?rest_route=\/wp\/v2\/pages\/14","targetHints":{"allow":["GET"]}}],"collection":[{"href":"https:\/\/hopeone.be\/index.php?rest_route=\/wp\/v2\/pages"}],"about":[{"href":"https:\/\/hopeone.be\/index.php?rest_route=\/wp\/v2\/types\/page"}],"author":[{"embeddable":true,"href":"https:\/\/hopeone.be\/index.php?rest_route=\/wp\/v2\/users\/1"}],"replies":[{"embeddable":true,"href":"https:\/\/hopeone.be\/index.php?rest_route=%2Fwp%2Fv2%2Fcomments&post=14"}],"version-history":[{"count":9,"href":"https:\/\/hopeone.be\/index.php?rest_route=\/wp\/v2\/pages\/14\/revisions"}],"predecessor-version":[{"id":172,"href":"https:\/\/hopeone.be\/index.php?rest_route=\/wp\/v2\/pages\/14\/revisions\/172"}],"wp:attachment":[{"href":"https:\/\/hopeone.be\/index.php?rest_route=%2Fwp%2Fv2%2Fmedia&parent=14"}],"curies":[{"name":"wp","href":"https:\/\/api.w.org\/{rel}","templated":true}]}}