{"id":39,"date":"2021-01-26T14:31:50","date_gmt":"2021-01-26T13:31:50","guid":{"rendered":"https:\/\/hopeone.be\/?page_id=39"},"modified":"2021-01-26T18:59:46","modified_gmt":"2021-01-26T17:59:46","slug":"qui-sonnes-nous","status":"publish","type":"page","link":"https:\/\/hopeone.be\/?page_id=39","title":{"rendered":"Qui sommes-nous ?"},"content":{"rendered":"\n<h3 class=\"wp-block-heading\">Hope One ASBL<\/h3>\n\n\n\n<p>Une \u00e9quipe pluridisciplinaire (m\u00e9decin alcoologue, \u00e9ducateur sp\u00e9cialis\u00e9, psychologue, infirmier, kin\u00e9, aide sociale, assistance juridique) au service de la prise en charge multidisciplinaire du sevrage alcool \u00e0 domicile. <\/p>\n\n\n\n<ul class=\"wp-block-list\"><li>Consultations (m\u00e9decin alcoologue, psychologue)<\/li><li>Encadrement au quotidien par un \u00e9ducateur sp\u00e9cialis\u00e9 <\/li><li>Liaison entre le milieu hospitalier et le domicile<\/li><li>Suivi de l&rsquo;ASBL vers le m\u00e9decin traitant<\/li><li>Aide juridique<\/li><\/ul>\n","protected":false},"excerpt":{"rendered":"<p>Hope One ASBL Une \u00e9quipe pluridisciplinaire (m\u00e9decin alcoologue, \u00e9ducateur sp\u00e9cialis\u00e9, psychologue, infirmier, kin\u00e9, aide sociale, assistance juridique) au service de la prise en charge multidisciplinaire du sevrage alcool \u00e0 domicile. Consultations (m\u00e9decin alcoologue, psychologue) Encadrement au quotidien par un \u00e9ducateur sp\u00e9cialis\u00e9 Liaison entre le milieu hospitalier et le domicile Suivi de l&rsquo;ASBL vers le m\u00e9decin [&hellip;]<\/p>\n","protected":false},"author":1,"featured_media":0,"parent":0,"menu_order":0,"comment_status":"closed","ping_status":"closed","template":"","meta":{"footnotes":""},"class_list":["post-39","page","type-page","status-publish","hentry"],"_links":{"self":[{"href":"https:\/\/hopeone.be\/index.php?rest_route=\/wp\/v2\/pages\/39","targetHints":{"allow":["GET"]}}],"collection":[{"href":"https:\/\/hopeone.be\/index.php?rest_route=\/wp\/v2\/pages"}],"about":[{"href":"https:\/\/hopeone.be\/index.php?rest_route=\/wp\/v2\/types\/page"}],"author":[{"embeddable":true,"href":"https:\/\/hopeone.be\/index.php?rest_route=\/wp\/v2\/users\/1"}],"replies":[{"embeddable":true,"href":"https:\/\/hopeone.be\/index.php?rest_route=%2Fwp%2Fv2%2Fcomments&post=39"}],"version-history":[{"count":4,"href":"https:\/\/hopeone.be\/index.php?rest_route=\/wp\/v2\/pages\/39\/revisions"}],"predecessor-version":[{"id":153,"href":"https:\/\/hopeone.be\/index.php?rest_route=\/wp\/v2\/pages\/39\/revisions\/153"}],"wp:attachment":[{"href":"https:\/\/hopeone.be\/index.php?rest_route=%2Fwp%2Fv2%2Fmedia&parent=39"}],"curies":[{"name":"wp","href":"https:\/\/api.w.org\/{rel}","templated":true}]}}